{"id":297,"date":"2023-10-20T10:35:57","date_gmt":"2023-10-20T08:35:57","guid":{"rendered":"https:\/\/stadtarchiv-radolfzell.de\/demandes-et-recherche\/"},"modified":"2024-02-09T17:03:49","modified_gmt":"2024-02-09T16:03:49","slug":"demandes-et-recherche","status":"publish","type":"page","link":"https:\/\/stadtarchiv-radolfzell.de\/fr\/demandes-et-recherche\/","title":{"rendered":"Demandes et recherche"},"content":{"rendered":"<p>Les archives municipales de Radolfzell sont des archives publiques qui sont en principe \u00e0 la disposition de tous. L&rsquo;utilisation se fait sur la base de la <a href=\"https:\/\/www.landesarchiv-bw.de\/media\/full\/49996\" target=\"_blank\" rel=\"noopener\">loi sur les archives du Land de Bade-Wurtemberg<\/a> et du r\u00e8glement d&rsquo;utilisation de la ville de Radolfzell.<\/p>\n<p>Les demandes doivent \u00eatre adress\u00e9es \u00e0 l&rsquo;adresse postale ou <a href=\"mailto:Archiv@Radolfzell.de\">\u00e9lectronique <\/a>ou communiqu\u00e9es par t\u00e9l\u00e9phone. Apr\u00e8s r\u00e9ception d&rsquo;une demande, les collaborateurs d\u00e9terminent les documents correspondant \u00e0 votre question \u00e0 l&rsquo;aide des r\u00e9pertoires et des instruments de recherche disponibles. En r\u00e8gle g\u00e9n\u00e9rale, il n&rsquo;y a pas de recherche dans les dossiers. Les citoyens doivent proc\u00e9der eux-m\u00eames \u00e0 des consultations approfondies de documents d&rsquo;archives. En raison de l&rsquo;activit\u00e9 commerciale en cours, la r\u00e9ponse aux demandes peut prendre un certain temps &#8211; les collaborateurs font preuve de compr\u00e9hension \u00e0 cet \u00e9gard.<\/p>\n<p>Malheureusement, il n&rsquo;est pas possible de rechercher ou de mettre \u00e0 disposition des documents \u00e0 court terme lors de visites spontan\u00e9es sur place. C&rsquo;est pourquoi nous vous demandons de prendre contact avec les Archives municipales suffisamment t\u00f4t.<\/p>\n<p>Lors de leur premi\u00e8re visite aux Archives municipales, les visiteurs re\u00e7oivent une demande d&rsquo;utilisation qu&rsquo;ils doivent remplir.<\/p>\n<p>Les personnes qui pr\u00e9voient de visiter les archives municipales doivent imp\u00e9rativement s&rsquo;inscrire \u00e0 l&rsquo;avance, car l&rsquo;espace disponible pour les invit\u00e9s est limit\u00e9 en raison des locaux. Les heures d&rsquo;ouverture sont le mardi de 08.30 \u00e0 12.00 heures et de 14.00 \u00e0 17.00 heures.<\/p>\n<p>Il est possible de travailler avec un ordinateur portable\/une tablette dans la salle des usagers. Les reproductions de documents d&rsquo;archives sont payantes et ne sont possibles que dans une mesure limit\u00e9e. Il est en principe possible de prendre soi-m\u00eame des photos des documents d&rsquo;archives.<\/p>\n<p>Pour les dossiers mat\u00e9riels, le d\u00e9lai de blocage est en principe de 30 ans ; pour les dossiers personnels, ce d\u00e9lai est de 30 ans apr\u00e8s le d\u00e9c\u00e8s ou de 110 ans apr\u00e8s la naissance de la ou des personnes concern\u00e9es. Le personnel des archives fournit des informations sur les \u00e9ventuels d\u00e9lais d&#8217;embargo.<\/p>\n<p>L&rsquo;\u00e9tat de conservation des archives peut \u00e9galement emp\u00eacher leur utilisation dans certains cas. De temps en temps, certaines parties des archives font \u00e9galement l&rsquo;objet d&rsquo;une mesure de restauration.<\/p>\n<p>En principe, les Archives municipales ne proposent pas d&rsquo;aide \u00e0 la lecture ni de transcription.<\/p>\n<hr>\n<p><strong>Conseils sur la g\u00e9n\u00e9alogie :<\/strong><\/p>\n<p>La recherche g\u00e9n\u00e9alogique est un travail de longue haleine et souvent difficile. Les collaborateurs des archives municipales sont l\u00e0 pour vous aider et vous aider \u00e0 trouver des informations sur vos anc\u00eatres. Il y a toutefois quelques \u00e9l\u00e9ments \u00e0 prendre en compte :<\/p>\n<ol>\n<li>L&rsquo;enregistrement municipal des naissances, mariages et d\u00e9c\u00e8s ne commence qu&rsquo;\u00e0 partir de l&rsquo;ann\u00e9e 1870. Si des donn\u00e9es ant\u00e9rieures \u00e0 cette p\u00e9riode sont recherch\u00e9es, il convient de contacter l&rsquo;\u00e9glise\/la confession concern\u00e9e qui a effectu\u00e9 cet enregistrement auparavant.<\/li>\n<li>En dehors des registres de naissance, de mariage et de d\u00e9c\u00e8s, il n&rsquo;existe que tr\u00e8s peu d&rsquo;enregistrements concernant des personnes concr\u00e8tes.<\/li>\n<li>Il n&rsquo;y a pas de dossiers personnels sur les r\u00e9sidents vivants ou d\u00e9c\u00e9d\u00e9s. Seuls les anciens employ\u00e9s municipaux font l&rsquo;objet de dossiers personnels. Ils doivent \u00eatre demand\u00e9s par l&rsquo;interm\u00e9diaire du service du personnel de la ville de Radolfzell.<\/li>\n<li>Il n&rsquo;existe pas de grand livre de famille dans lequel on pourrait trouver tous les habitants ayant v\u00e9cu un jour. Il est souvent n\u00e9cessaire d&rsquo;effectuer des recherches approfondies dans les dossiers pour trouver des informations suppl\u00e9mentaires sur la vie d&rsquo;un anc\u00eatre. Il n&rsquo;est pas garanti que l&rsquo;on trouve quoi que ce soit.<\/li>\n<li>Plus le d\u00e9c\u00e8s est lointain, plus il est difficile de trouver des informations sur des individus.<\/li>\n<\/ol>\n<p><strong>Conseils sur les dossiers de b\u00e2timents :<\/strong><\/p>\n<ol>\n<li>Les dossiers des b\u00e2timents se trouvent au bureau du droit de la construction<a href=\"mailto:Baurecht@Radolfzell.de\">(Baurecht@Radolfzell.de)<\/a>.<\/li>\n<\/ol>\n<p>Les archives municipales n&rsquo;archivent que les dossiers de b\u00e2timents d\u00e9molis.<\/p>\n","protected":false},"excerpt":{"rendered":"<p>Les archives municipales de Radolfzell sont des archives publiques qui sont en principe \u00e0 la disposition de tous. L&rsquo;utilisation se [&hellip;]<\/p>\n","protected":false},"author":1,"featured_media":0,"parent":0,"menu_order":0,"comment_status":"closed","ping_status":"closed","template":"page-layout1.php","meta":{"_price":"","_stock":"","_tribe_ticket_header":"","_tribe_default_ticket_provider":"","_ticket_start_date":"","_ticket_end_date":"","_tribe_ticket_show_description":"","_tribe_ticket_show_not_going":false,"_tribe_ticket_use_global_stock":"","_tribe_ticket_global_stock_level":"","_global_stock_mode":"","_global_stock_cap":"","_tribe_rsvp_for_event":"","_tribe_ticket_going_count":"","_tribe_ticket_not_going_count":"","_tribe_tickets_list":"[]","_tribe_ticket_has_attendee_info_fields":false,"footnotes":""},"class_list":["post-297","page","type-page","status-publish","hentry"],"yoast_head":"<!-- This site is optimized with the Yoast SEO plugin v26.7 - https:\/\/yoast.com\/wordpress\/plugins\/seo\/ -->\n<title>Demandes et recherche - Stadtarchiv<\/title>\n<meta name=\"robots\" content=\"index, follow, max-snippet:-1, max-image-preview:large, max-video-preview:-1\" \/>\n<link rel=\"canonical\" href=\"https:\/\/stadtarchiv-radolfzell.de\/fr\/demandes-et-recherche\/\" \/>\n<meta property=\"og:locale\" content=\"fr_FR\" \/>\n<meta property=\"og:type\" content=\"article\" \/>\n<meta property=\"og:title\" content=\"Demandes et recherche - Stadtarchiv\" \/>\n<meta property=\"og:description\" content=\"Les archives municipales de Radolfzell sont des archives publiques qui sont en principe \u00e0 la disposition de tous. L&rsquo;utilisation se [&hellip;]\" \/>\n<meta property=\"og:url\" content=\"https:\/\/stadtarchiv-radolfzell.de\/fr\/demandes-et-recherche\/\" \/>\n<meta property=\"og:site_name\" content=\"Stadtarchiv\" \/>\n<meta property=\"article:modified_time\" content=\"2024-02-09T16:03:49+00:00\" \/>\n<meta name=\"twitter:card\" content=\"summary_large_image\" \/>\n<meta name=\"twitter:label1\" content=\"Dur\u00e9e de lecture estim\u00e9e\" \/>\n\t<meta name=\"twitter:data1\" content=\"3 minutes\" \/>\n<script type=\"application\/ld+json\" class=\"yoast-schema-graph\">{\"@context\":\"https:\/\/schema.org\",\"@graph\":[{\"@type\":\"WebPage\",\"@id\":\"https:\/\/stadtarchiv-radolfzell.de\/fr\/demandes-et-recherche\/\",\"url\":\"https:\/\/stadtarchiv-radolfzell.de\/fr\/demandes-et-recherche\/\",\"name\":\"Demandes et recherche - Stadtarchiv\",\"isPartOf\":{\"@id\":\"https:\/\/stadtarchiv-radolfzell.de\/fr\/#website\"},\"datePublished\":\"2023-10-20T08:35:57+00:00\",\"dateModified\":\"2024-02-09T16:03:49+00:00\",\"breadcrumb\":{\"@id\":\"https:\/\/stadtarchiv-radolfzell.de\/fr\/demandes-et-recherche\/#breadcrumb\"},\"inLanguage\":\"fr-FR\",\"potentialAction\":[{\"@type\":\"ReadAction\",\"target\":[\"https:\/\/stadtarchiv-radolfzell.de\/fr\/demandes-et-recherche\/\"]}]},{\"@type\":\"BreadcrumbList\",\"@id\":\"https:\/\/stadtarchiv-radolfzell.de\/fr\/demandes-et-recherche\/#breadcrumb\",\"itemListElement\":[{\"@type\":\"ListItem\",\"position\":1,\"name\":\"Startseite\",\"item\":\"https:\/\/stadtarchiv-radolfzell.de\/fr\/\"},{\"@type\":\"ListItem\",\"position\":2,\"name\":\"Demandes et recherche\"}]},{\"@type\":\"WebSite\",\"@id\":\"https:\/\/stadtarchiv-radolfzell.de\/fr\/#website\",\"url\":\"https:\/\/stadtarchiv-radolfzell.de\/fr\/\",\"name\":\"Stadtarchiv\",\"description\":\"Kultur Radolfzell Website\",\"potentialAction\":[{\"@type\":\"SearchAction\",\"target\":{\"@type\":\"EntryPoint\",\"urlTemplate\":\"https:\/\/stadtarchiv-radolfzell.de\/fr\/?s={search_term_string}\"},\"query-input\":{\"@type\":\"PropertyValueSpecification\",\"valueRequired\":true,\"valueName\":\"search_term_string\"}}],\"inLanguage\":\"fr-FR\"}]}<\/script>\n<!-- \/ Yoast SEO plugin. -->","yoast_head_json":{"title":"Demandes et recherche - Stadtarchiv","robots":{"index":"index","follow":"follow","max-snippet":"max-snippet:-1","max-image-preview":"max-image-preview:large","max-video-preview":"max-video-preview:-1"},"canonical":"https:\/\/stadtarchiv-radolfzell.de\/fr\/demandes-et-recherche\/","og_locale":"fr_FR","og_type":"article","og_title":"Demandes et recherche - Stadtarchiv","og_description":"Les archives municipales de Radolfzell sont des archives publiques qui sont en principe \u00e0 la disposition de tous. L&rsquo;utilisation se [&hellip;]","og_url":"https:\/\/stadtarchiv-radolfzell.de\/fr\/demandes-et-recherche\/","og_site_name":"Stadtarchiv","article_modified_time":"2024-02-09T16:03:49+00:00","twitter_card":"summary_large_image","twitter_misc":{"Dur\u00e9e de lecture estim\u00e9e":"3 minutes"},"schema":{"@context":"https:\/\/schema.org","@graph":[{"@type":"WebPage","@id":"https:\/\/stadtarchiv-radolfzell.de\/fr\/demandes-et-recherche\/","url":"https:\/\/stadtarchiv-radolfzell.de\/fr\/demandes-et-recherche\/","name":"Demandes et recherche - Stadtarchiv","isPartOf":{"@id":"https:\/\/stadtarchiv-radolfzell.de\/fr\/#website"},"datePublished":"2023-10-20T08:35:57+00:00","dateModified":"2024-02-09T16:03:49+00:00","breadcrumb":{"@id":"https:\/\/stadtarchiv-radolfzell.de\/fr\/demandes-et-recherche\/#breadcrumb"},"inLanguage":"fr-FR","potentialAction":[{"@type":"ReadAction","target":["https:\/\/stadtarchiv-radolfzell.de\/fr\/demandes-et-recherche\/"]}]},{"@type":"BreadcrumbList","@id":"https:\/\/stadtarchiv-radolfzell.de\/fr\/demandes-et-recherche\/#breadcrumb","itemListElement":[{"@type":"ListItem","position":1,"name":"Startseite","item":"https:\/\/stadtarchiv-radolfzell.de\/fr\/"},{"@type":"ListItem","position":2,"name":"Demandes et recherche"}]},{"@type":"WebSite","@id":"https:\/\/stadtarchiv-radolfzell.de\/fr\/#website","url":"https:\/\/stadtarchiv-radolfzell.de\/fr\/","name":"Stadtarchiv","description":"Kultur Radolfzell Website","potentialAction":[{"@type":"SearchAction","target":{"@type":"EntryPoint","urlTemplate":"https:\/\/stadtarchiv-radolfzell.de\/fr\/?s={search_term_string}"},"query-input":{"@type":"PropertyValueSpecification","valueRequired":true,"valueName":"search_term_string"}}],"inLanguage":"fr-FR"}]}},"_links":{"self":[{"href":"https:\/\/stadtarchiv-radolfzell.de\/fr\/wp-json\/wp\/v2\/pages\/297","targetHints":{"allow":["GET"]}}],"collection":[{"href":"https:\/\/stadtarchiv-radolfzell.de\/fr\/wp-json\/wp\/v2\/pages"}],"about":[{"href":"https:\/\/stadtarchiv-radolfzell.de\/fr\/wp-json\/wp\/v2\/types\/page"}],"author":[{"embeddable":true,"href":"https:\/\/stadtarchiv-radolfzell.de\/fr\/wp-json\/wp\/v2\/users\/1"}],"replies":[{"embeddable":true,"href":"https:\/\/stadtarchiv-radolfzell.de\/fr\/wp-json\/wp\/v2\/comments?post=297"}],"version-history":[{"count":1,"href":"https:\/\/stadtarchiv-radolfzell.de\/fr\/wp-json\/wp\/v2\/pages\/297\/revisions"}],"predecessor-version":[{"id":299,"href":"https:\/\/stadtarchiv-radolfzell.de\/fr\/wp-json\/wp\/v2\/pages\/297\/revisions\/299"}],"wp:attachment":[{"href":"https:\/\/stadtarchiv-radolfzell.de\/fr\/wp-json\/wp\/v2\/media?parent=297"}],"curies":[{"name":"wp","href":"https:\/\/api.w.org\/{rel}","templated":true}]}}