{"id":287,"date":"2023-10-25T16:45:23","date_gmt":"2023-10-25T14:45:23","guid":{"rendered":"https:\/\/stadtarchiv-radolfzell.de\/fonds-instruments-de-recherche\/"},"modified":"2024-02-09T17:03:47","modified_gmt":"2024-02-09T16:03:47","slug":"fonds-instruments-de-recherche","status":"publish","type":"page","link":"https:\/\/stadtarchiv-radolfzell.de\/fr\/fonds-instruments-de-recherche\/","title":{"rendered":"Fonds &amp; instruments de recherche"},"content":{"rendered":"<p>Les archives municipales de Radolfzell s&rsquo;efforcent de mettre peu \u00e0 peu leurs instruments de recherche physiques \u00e0 la disposition des visiteurs* sous forme num\u00e9rique. Dans un premier temps, tous les ouvrages de recherche seront scann\u00e9s et mis en ligne. Les instruments de recherche suivants sont d\u00e9j\u00e0 disponibles :<\/p>\n<p><a href=\"https:\/\/stadtarchiv-radolfzell.de\/wp-content\/uploads\/sites\/12\/2023\/12\/Boehringen_Inventarbuch_komp.pdf\" target=\"_blank\" rel=\"noopener\">Livre d&rsquo;inventaire de B\u00f6hringen<\/a><\/p>\n<hr>\n<p>Les archives municipales pr\u00e9sentent ici le plus ancien plan pliable de la ville de Radolfzell : <a href=\"https:\/\/stadtmuseum-radolfzell.de\/wp-content\/uploads\/sites\/2\/2022\/02\/Der-aelteste-bekannte-faltbare-Stadtplan-der-Stadt-Radolfzell.pdf\" target=\"_blank\" rel=\"noopener\">Le plus ancien plan pliable connu de la ville de Radolfzell<\/a><br \/>\nCe plan de ville \u00e9tait joint au carnet d&rsquo;adresses de 1913. Dans la l\u00e9gende jointe, 39 b\u00e2timents et \u00e9quipements sont r\u00e9pertori\u00e9s, ce qui permet \u00e0 l&rsquo;observateur de les rep\u00e9rer et de les classer facilement sur le plan de la ville. Il y a un peu plus de 100 ans, Radolfzell \u00e9tait encore assez bien structur\u00e9e, les constructions ne d\u00e9passaient gu\u00e8re la vieille ville.<\/p>\n<style type=\"text\/css\">\n\t\t\t#gallery-1 {\n\t\t\t\tmargin: auto;\n\t\t\t}\n\t\t\t#gallery-1 .gallery-item {\n\t\t\t\tfloat: left;\n\t\t\t\tmargin-top: 10px;\n\t\t\t\ttext-align: center;\n\t\t\t\twidth: 25%;\n\t\t\t}\n\t\t\t#gallery-1 img {\n\t\t\t\tborder: 2px solid #cfcfcf;\n\t\t\t}\n\t\t\t#gallery-1 .gallery-caption {\n\t\t\t\tmargin-left: 0;\n\t\t\t}\n\t\t\t\/* see gallery_shortcode() in wp-includes\/media.php *\/\n\t\t<\/style>\n<div id='gallery-1' class='gallery galleryid-287 gallery-columns-4 gallery-size-thumbnail'>\n<dl class='gallery-item'>\n<dt class='gallery-icon landscape'>\n\t\t\t\t<a href='https:\/\/stadtarchiv-radolfzell.de\/wp-content\/uploads\/sites\/12\/2023\/11\/20231129_085515.jpg' rel=\"lightbox[gallery-0]\"><img loading=\"lazy\" decoding=\"async\" width=\"150\" height=\"150\" src=\"https:\/\/stadtarchiv-radolfzell.de\/wp-content\/uploads\/sites\/12\/2023\/11\/20231129_085515-150x150.jpg\" class=\"attachment-thumbnail size-thumbnail\" alt=\"\" srcset=\"https:\/\/stadtarchiv-radolfzell.de\/wp-content\/uploads\/sites\/12\/2023\/11\/20231129_085515-150x150.jpg 150w, https:\/\/stadtarchiv-radolfzell.de\/wp-content\/uploads\/sites\/12\/2023\/11\/20231129_085515-400x400.jpg 400w\" sizes=\"auto, (max-width: 150px) 100vw, 150px\" \/><\/a>\n\t\t\t<\/dt>\n<\/dl>\n<dl class='gallery-item'>\n<dt class='gallery-icon landscape'>\n\t\t\t\t<a href='https:\/\/stadtarchiv-radolfzell.de\/wp-content\/uploads\/sites\/12\/2023\/11\/20231129_090141.jpg' rel=\"lightbox[gallery-0]\"><img loading=\"lazy\" decoding=\"async\" width=\"150\" height=\"150\" src=\"https:\/\/stadtarchiv-radolfzell.de\/wp-content\/uploads\/sites\/12\/2023\/11\/20231129_090141-150x150.jpg\" class=\"attachment-thumbnail size-thumbnail\" alt=\"\" srcset=\"https:\/\/stadtarchiv-radolfzell.de\/wp-content\/uploads\/sites\/12\/2023\/11\/20231129_090141-150x150.jpg 150w, https:\/\/stadtarchiv-radolfzell.de\/wp-content\/uploads\/sites\/12\/2023\/11\/20231129_090141-400x400.jpg 400w\" sizes=\"auto, (max-width: 150px) 100vw, 150px\" \/><\/a>\n\t\t\t<\/dt>\n<\/dl>\n<dl class='gallery-item'>\n<dt class='gallery-icon landscape'>\n\t\t\t\t<a href='https:\/\/stadtarchiv-radolfzell.de\/wp-content\/uploads\/sites\/12\/2023\/10\/header_1.jpg' rel=\"lightbox[gallery-0]\"><img loading=\"lazy\" decoding=\"async\" width=\"150\" height=\"150\" src=\"https:\/\/stadtarchiv-radolfzell.de\/wp-content\/uploads\/sites\/12\/2023\/10\/header_1-150x150.jpg\" class=\"attachment-thumbnail size-thumbnail\" alt=\"\" srcset=\"https:\/\/stadtarchiv-radolfzell.de\/wp-content\/uploads\/sites\/12\/2023\/10\/header_1-150x150.jpg 150w, https:\/\/stadtarchiv-radolfzell.de\/wp-content\/uploads\/sites\/12\/2023\/10\/header_1-400x400.jpg 400w\" sizes=\"auto, (max-width: 150px) 100vw, 150px\" \/><\/a>\n\t\t\t<\/dt>\n<\/dl>\n<dl class='gallery-item'>\n<dt class='gallery-icon landscape'>\n\t\t\t\t<a href='https:\/\/stadtarchiv-radolfzell.de\/wp-content\/uploads\/sites\/12\/2023\/11\/20231129_085313.jpg' rel=\"lightbox[gallery-0]\"><img loading=\"lazy\" decoding=\"async\" width=\"150\" height=\"150\" src=\"https:\/\/stadtarchiv-radolfzell.de\/wp-content\/uploads\/sites\/12\/2023\/11\/20231129_085313-150x150.jpg\" class=\"attachment-thumbnail size-thumbnail\" alt=\"\" srcset=\"https:\/\/stadtarchiv-radolfzell.de\/wp-content\/uploads\/sites\/12\/2023\/11\/20231129_085313-150x150.jpg 150w, https:\/\/stadtarchiv-radolfzell.de\/wp-content\/uploads\/sites\/12\/2023\/11\/20231129_085313-400x400.jpg 400w\" sizes=\"auto, (max-width: 150px) 100vw, 150px\" \/><\/a>\n\t\t\t<\/dt>\n<\/dl>\n<p><br style=\"clear: both\" \/><\/p>\n<dl class='gallery-item'>\n<dt class='gallery-icon landscape'>\n\t\t\t\t<a href='https:\/\/stadtarchiv-radolfzell.de\/wp-content\/uploads\/sites\/12\/2023\/11\/20231129_084432.jpg' rel=\"lightbox[gallery-0]\"><img loading=\"lazy\" decoding=\"async\" width=\"150\" height=\"150\" src=\"https:\/\/stadtarchiv-radolfzell.de\/wp-content\/uploads\/sites\/12\/2023\/11\/20231129_084432-150x150.jpg\" class=\"attachment-thumbnail size-thumbnail\" alt=\"\" srcset=\"https:\/\/stadtarchiv-radolfzell.de\/wp-content\/uploads\/sites\/12\/2023\/11\/20231129_084432-150x150.jpg 150w, https:\/\/stadtarchiv-radolfzell.de\/wp-content\/uploads\/sites\/12\/2023\/11\/20231129_084432-400x400.jpg 400w\" sizes=\"auto, (max-width: 150px) 100vw, 150px\" \/><\/a>\n\t\t\t<\/dt>\n<\/dl>\n<dl class='gallery-item'>\n<dt class='gallery-icon landscape'>\n\t\t\t\t<a href='https:\/\/stadtarchiv-radolfzell.de\/wp-content\/uploads\/sites\/12\/2023\/11\/20231129_084619.jpg' rel=\"lightbox[gallery-0]\"><img loading=\"lazy\" decoding=\"async\" width=\"150\" height=\"150\" src=\"https:\/\/stadtarchiv-radolfzell.de\/wp-content\/uploads\/sites\/12\/2023\/11\/20231129_084619-150x150.jpg\" class=\"attachment-thumbnail size-thumbnail\" alt=\"\" srcset=\"https:\/\/stadtarchiv-radolfzell.de\/wp-content\/uploads\/sites\/12\/2023\/11\/20231129_084619-150x150.jpg 150w, https:\/\/stadtarchiv-radolfzell.de\/wp-content\/uploads\/sites\/12\/2023\/11\/20231129_084619-400x400.jpg 400w\" sizes=\"auto, (max-width: 150px) 100vw, 150px\" \/><\/a>\n\t\t\t<\/dt>\n<\/dl>\n<dl class='gallery-item'>\n<dt class='gallery-icon landscape'>\n\t\t\t\t<a href='https:\/\/stadtarchiv-radolfzell.de\/wp-content\/uploads\/sites\/12\/2023\/11\/20231129_084053.jpg' rel=\"lightbox[gallery-0]\"><img loading=\"lazy\" decoding=\"async\" width=\"150\" height=\"150\" src=\"https:\/\/stadtarchiv-radolfzell.de\/wp-content\/uploads\/sites\/12\/2023\/11\/20231129_084053-150x150.jpg\" class=\"attachment-thumbnail size-thumbnail\" alt=\"\" srcset=\"https:\/\/stadtarchiv-radolfzell.de\/wp-content\/uploads\/sites\/12\/2023\/11\/20231129_084053-150x150.jpg 150w, https:\/\/stadtarchiv-radolfzell.de\/wp-content\/uploads\/sites\/12\/2023\/11\/20231129_084053-400x400.jpg 400w\" sizes=\"auto, (max-width: 150px) 100vw, 150px\" \/><\/a>\n\t\t\t<\/dt>\n<\/dl>\n<dl class='gallery-item'>\n<dt class='gallery-icon portrait'>\n\t\t\t\t<a href='https:\/\/stadtarchiv-radolfzell.de\/wp-content\/uploads\/sites\/12\/2023\/10\/IMG_8277.jpg' rel=\"lightbox[gallery-0]\"><img loading=\"lazy\" decoding=\"async\" width=\"150\" height=\"150\" src=\"https:\/\/stadtarchiv-radolfzell.de\/wp-content\/uploads\/sites\/12\/2023\/10\/IMG_8277-150x150.jpg\" class=\"attachment-thumbnail size-thumbnail\" alt=\"\" srcset=\"https:\/\/stadtarchiv-radolfzell.de\/wp-content\/uploads\/sites\/12\/2023\/10\/IMG_8277-150x150.jpg 150w, https:\/\/stadtarchiv-radolfzell.de\/wp-content\/uploads\/sites\/12\/2023\/10\/IMG_8277-400x400.jpg 400w\" sizes=\"auto, (max-width: 150px) 100vw, 150px\" \/><\/a>\n\t\t\t<\/dt>\n<\/dl>\n<p><br style=\"clear: both\" \/>\n\t\t<\/div>\n<hr>\n","protected":false},"excerpt":{"rendered":"<p>Les archives municipales de Radolfzell s&rsquo;efforcent de mettre peu \u00e0 peu leurs instruments de recherche physiques \u00e0 la disposition des [&hellip;]<\/p>\n","protected":false},"author":1,"featured_media":0,"parent":0,"menu_order":0,"comment_status":"closed","ping_status":"closed","template":"page-layout1.php","meta":{"_price":"","_stock":"","_tribe_ticket_header":"","_tribe_default_ticket_provider":"","_ticket_start_date":"","_ticket_end_date":"","_tribe_ticket_show_description":"","_tribe_ticket_show_not_going":false,"_tribe_ticket_use_global_stock":"","_tribe_ticket_global_stock_level":"","_global_stock_mode":"","_global_stock_cap":"","_tribe_rsvp_for_event":"","_tribe_ticket_going_count":"","_tribe_ticket_not_going_count":"","_tribe_tickets_list":"[]","_tribe_ticket_has_attendee_info_fields":false,"footnotes":""},"class_list":["post-287","page","type-page","status-publish","hentry"],"yoast_head":"<!-- This site is optimized with the Yoast SEO plugin v26.7 - https:\/\/yoast.com\/wordpress\/plugins\/seo\/ -->\n<title>Fonds &amp; instruments de recherche - Stadtarchiv<\/title>\n<meta name=\"robots\" content=\"index, follow, max-snippet:-1, max-image-preview:large, max-video-preview:-1\" \/>\n<link rel=\"canonical\" href=\"https:\/\/stadtarchiv-radolfzell.de\/fr\/fonds-instruments-de-recherche\/\" \/>\n<meta property=\"og:locale\" content=\"fr_FR\" \/>\n<meta property=\"og:type\" content=\"article\" \/>\n<meta property=\"og:title\" content=\"Fonds &amp; instruments de recherche - Stadtarchiv\" \/>\n<meta property=\"og:description\" content=\"Les archives municipales de Radolfzell s&rsquo;efforcent de mettre peu \u00e0 peu leurs instruments de recherche physiques \u00e0 la disposition des [&hellip;]\" \/>\n<meta property=\"og:url\" content=\"https:\/\/stadtarchiv-radolfzell.de\/fr\/fonds-instruments-de-recherche\/\" \/>\n<meta property=\"og:site_name\" content=\"Stadtarchiv\" \/>\n<meta property=\"article:modified_time\" content=\"2024-02-09T16:03:47+00:00\" \/>\n<meta property=\"og:image\" content=\"https:\/\/stadtarchiv-radolfzell.de\/wp-content\/uploads\/sites\/12\/2023\/11\/20231129_085515-150x150.jpg\" \/>\n<meta name=\"twitter:card\" content=\"summary_large_image\" \/>\n<meta name=\"twitter:label1\" content=\"Dur\u00e9e de lecture estim\u00e9e\" \/>\n\t<meta name=\"twitter:data1\" content=\"1 minute\" \/>\n<script type=\"application\/ld+json\" class=\"yoast-schema-graph\">{\"@context\":\"https:\/\/schema.org\",\"@graph\":[{\"@type\":\"WebPage\",\"@id\":\"https:\/\/stadtarchiv-radolfzell.de\/fr\/fonds-instruments-de-recherche\/\",\"url\":\"https:\/\/stadtarchiv-radolfzell.de\/fr\/fonds-instruments-de-recherche\/\",\"name\":\"Fonds &amp; instruments de recherche - Stadtarchiv\",\"isPartOf\":{\"@id\":\"https:\/\/stadtarchiv-radolfzell.de\/fr\/#website\"},\"datePublished\":\"2023-10-25T14:45:23+00:00\",\"dateModified\":\"2024-02-09T16:03:47+00:00\",\"breadcrumb\":{\"@id\":\"https:\/\/stadtarchiv-radolfzell.de\/fr\/fonds-instruments-de-recherche\/#breadcrumb\"},\"inLanguage\":\"fr-FR\",\"potentialAction\":[{\"@type\":\"ReadAction\",\"target\":[\"https:\/\/stadtarchiv-radolfzell.de\/fr\/fonds-instruments-de-recherche\/\"]}]},{\"@type\":\"BreadcrumbList\",\"@id\":\"https:\/\/stadtarchiv-radolfzell.de\/fr\/fonds-instruments-de-recherche\/#breadcrumb\",\"itemListElement\":[{\"@type\":\"ListItem\",\"position\":1,\"name\":\"Startseite\",\"item\":\"https:\/\/stadtarchiv-radolfzell.de\/fr\/\"},{\"@type\":\"ListItem\",\"position\":2,\"name\":\"Fonds &amp; instruments de recherche\"}]},{\"@type\":\"WebSite\",\"@id\":\"https:\/\/stadtarchiv-radolfzell.de\/fr\/#website\",\"url\":\"https:\/\/stadtarchiv-radolfzell.de\/fr\/\",\"name\":\"Stadtarchiv\",\"description\":\"Kultur Radolfzell Website\",\"potentialAction\":[{\"@type\":\"SearchAction\",\"target\":{\"@type\":\"EntryPoint\",\"urlTemplate\":\"https:\/\/stadtarchiv-radolfzell.de\/fr\/?s={search_term_string}\"},\"query-input\":{\"@type\":\"PropertyValueSpecification\",\"valueRequired\":true,\"valueName\":\"search_term_string\"}}],\"inLanguage\":\"fr-FR\"}]}<\/script>\n<!-- \/ Yoast SEO plugin. -->","yoast_head_json":{"title":"Fonds &amp; instruments de recherche - Stadtarchiv","robots":{"index":"index","follow":"follow","max-snippet":"max-snippet:-1","max-image-preview":"max-image-preview:large","max-video-preview":"max-video-preview:-1"},"canonical":"https:\/\/stadtarchiv-radolfzell.de\/fr\/fonds-instruments-de-recherche\/","og_locale":"fr_FR","og_type":"article","og_title":"Fonds &amp; instruments de recherche - Stadtarchiv","og_description":"Les archives municipales de Radolfzell s&rsquo;efforcent de mettre peu \u00e0 peu leurs instruments de recherche physiques \u00e0 la disposition des [&hellip;]","og_url":"https:\/\/stadtarchiv-radolfzell.de\/fr\/fonds-instruments-de-recherche\/","og_site_name":"Stadtarchiv","article_modified_time":"2024-02-09T16:03:47+00:00","og_image":[{"url":"https:\/\/stadtarchiv-radolfzell.de\/wp-content\/uploads\/sites\/12\/2023\/11\/20231129_085515-150x150.jpg","type":"","width":"","height":""}],"twitter_card":"summary_large_image","twitter_misc":{"Dur\u00e9e de lecture estim\u00e9e":"1 minute"},"schema":{"@context":"https:\/\/schema.org","@graph":[{"@type":"WebPage","@id":"https:\/\/stadtarchiv-radolfzell.de\/fr\/fonds-instruments-de-recherche\/","url":"https:\/\/stadtarchiv-radolfzell.de\/fr\/fonds-instruments-de-recherche\/","name":"Fonds &amp; instruments de recherche - Stadtarchiv","isPartOf":{"@id":"https:\/\/stadtarchiv-radolfzell.de\/fr\/#website"},"datePublished":"2023-10-25T14:45:23+00:00","dateModified":"2024-02-09T16:03:47+00:00","breadcrumb":{"@id":"https:\/\/stadtarchiv-radolfzell.de\/fr\/fonds-instruments-de-recherche\/#breadcrumb"},"inLanguage":"fr-FR","potentialAction":[{"@type":"ReadAction","target":["https:\/\/stadtarchiv-radolfzell.de\/fr\/fonds-instruments-de-recherche\/"]}]},{"@type":"BreadcrumbList","@id":"https:\/\/stadtarchiv-radolfzell.de\/fr\/fonds-instruments-de-recherche\/#breadcrumb","itemListElement":[{"@type":"ListItem","position":1,"name":"Startseite","item":"https:\/\/stadtarchiv-radolfzell.de\/fr\/"},{"@type":"ListItem","position":2,"name":"Fonds &amp; instruments de recherche"}]},{"@type":"WebSite","@id":"https:\/\/stadtarchiv-radolfzell.de\/fr\/#website","url":"https:\/\/stadtarchiv-radolfzell.de\/fr\/","name":"Stadtarchiv","description":"Kultur Radolfzell Website","potentialAction":[{"@type":"SearchAction","target":{"@type":"EntryPoint","urlTemplate":"https:\/\/stadtarchiv-radolfzell.de\/fr\/?s={search_term_string}"},"query-input":{"@type":"PropertyValueSpecification","valueRequired":true,"valueName":"search_term_string"}}],"inLanguage":"fr-FR"}]}},"_links":{"self":[{"href":"https:\/\/stadtarchiv-radolfzell.de\/fr\/wp-json\/wp\/v2\/pages\/287","targetHints":{"allow":["GET"]}}],"collection":[{"href":"https:\/\/stadtarchiv-radolfzell.de\/fr\/wp-json\/wp\/v2\/pages"}],"about":[{"href":"https:\/\/stadtarchiv-radolfzell.de\/fr\/wp-json\/wp\/v2\/types\/page"}],"author":[{"embeddable":true,"href":"https:\/\/stadtarchiv-radolfzell.de\/fr\/wp-json\/wp\/v2\/users\/1"}],"replies":[{"embeddable":true,"href":"https:\/\/stadtarchiv-radolfzell.de\/fr\/wp-json\/wp\/v2\/comments?post=287"}],"version-history":[{"count":1,"href":"https:\/\/stadtarchiv-radolfzell.de\/fr\/wp-json\/wp\/v2\/pages\/287\/revisions"}],"predecessor-version":[{"id":289,"href":"https:\/\/stadtarchiv-radolfzell.de\/fr\/wp-json\/wp\/v2\/pages\/287\/revisions\/289"}],"wp:attachment":[{"href":"https:\/\/stadtarchiv-radolfzell.de\/fr\/wp-json\/wp\/v2\/media?parent=287"}],"curies":[{"name":"wp","href":"https:\/\/api.w.org\/{rel}","templated":true}]}}