{"id":275,"date":"2023-10-25T16:45:01","date_gmt":"2023-10-25T14:45:01","guid":{"rendered":"https:\/\/stadtarchiv-radolfzell.de\/publications\/"},"modified":"2024-02-09T17:03:44","modified_gmt":"2024-02-09T16:03:44","slug":"publications","status":"publish","type":"page","link":"https:\/\/stadtarchiv-radolfzell.de\/fr\/publications\/","title":{"rendered":"Publications"},"content":{"rendered":"<p>Les derni\u00e8res publications de l&rsquo;histoire de la ville ou des archives de la ville sont \u00e9galement disponibles au mus\u00e9e municipal :<br \/>\n<img loading=\"lazy\" decoding=\"async\" class=\"alignright wp-image-2452\" src=\"https:\/\/stadtmuseum-radolfzell.de\/wp-content\/uploads\/sites\/2\/2019\/10\/9783797707239-300x300.jpg\" alt=\"Titre : Radolfzell am Bodensee - La chronique\" width=\"199\" height=\"199\"><\/p>\n<h2>Radolfzell au bord du lac de Constance &#8211;<br \/>\nLa chronique (2017)<\/h2>\n<p>La chronique offre un aper\u00e7u de l&rsquo;histoire de la ville de Radolfzell, depuis les d\u00e9buts de la colonisation jusqu&rsquo;\u00e0 nos jours.<\/p>\n<p>&nbsp;<\/p>\n<p><img loading=\"lazy\" decoding=\"async\" class=\"alignleft wp-image-2453\" src=\"https:\/\/stadtmuseum-radolfzell.de\/wp-content\/uploads\/sites\/2\/2019\/10\/Band-1-298x300.jpg\" alt=\"T\u00e9moins de l'\u00e9poque \u00e0 Radolfzell 1930 - 1950\" width=\"179\" height=\"180\">\u00ab\u00a0Cela m&rsquo;est rest\u00e9 en m\u00e9moire\u00a0\u00bb &#8211; T\u00e9moins de l&rsquo;\u00e9poque \u00e0 Radolfzell 1930 &#8211; 1950<\/p>\n<h2>Volume 1 de la s\u00e9rie de publications sur l&rsquo;histoire de la ville de Radolfzell am Bodensee (2015)<\/h2>\n<p>Des femmes et des hommes de Radolfzell se souviennent de la p\u00e9riode entre 1930 et 1950. Dans le cadre d&rsquo;interviews, ils r\u00e9pondent \u00e0 des questions sur la vie quotidienne, la politique et l&rsquo;\u00e9conomie.<\/p>\n<p>&nbsp;<\/p>\n<p><img loading=\"lazy\" decoding=\"async\" class=\"alignleft wp-image-2454\" src=\"https:\/\/stadtmuseum-radolfzell.de\/wp-content\/uploads\/sites\/2\/2019\/10\/Band-2-298x300.jpg\" alt=\"De Alefanz \u00e0 Zeno - les coutumes de Radolfzell\" width=\"188\" height=\"189\">De Alefanz \u00e0 Zeno &#8211; les coutumes de Radolfzell<\/p>\n<h2>Volume 2 de la s\u00e9rie de publications sur l&rsquo;histoire de la ville de Radolfzell am Bodensee (2016)<\/h2>\n<p>Les coutumes \u00e0 Radolfzell &#8211; vivantes ou d\u00e9su\u00e8tes, visibles et vivables ou r\u00e9serv\u00e9es aux membres des associations ?<\/p>\n<p>Avec des articles sur le carnaval, la f\u00eate des ma\u00eetres de maison, les costumes traditionnels, No\u00ebl et sur les auteurs de dialectes de Radolfzell.<\/p>\n<p>&nbsp;<\/p>\n<h2>Du bourg au centre moyen &#8211; L&rsquo;histoire \u00e9conomique de Radolfzell<\/h2>\n<p><strong>Volume 3 de la s\u00e9rie de publications sur l&rsquo;histoire de la ville de Radolfzell am Bodensee (2019)<\/strong><\/p>\n<p>Dans l&rsquo;histoire \u00e9conomique, depuis les d\u00e9buts de la colonisation jusqu&rsquo;\u00e0 aujourd&rsquo;hui, des phases de prosp\u00e9rit\u00e9 \u00e9conomique c\u00f4toient des effondrements et des crises. Des contributions g\u00e9n\u00e9rales retracent l&rsquo;\u00e9volution \u00e9conomique jusqu&rsquo;\u00e0 aujourd&rsquo;hui. Des contributions approfondies pr\u00e9sentent des entreprises importantes et des personnalit\u00e9s entrepreneuriales marquantes.<\/p>\n","protected":false},"excerpt":{"rendered":"<p>Les derni\u00e8res publications de l&rsquo;histoire de la ville ou des archives de la ville sont \u00e9galement disponibles au mus\u00e9e municipal [&hellip;]<\/p>\n","protected":false},"author":1,"featured_media":0,"parent":0,"menu_order":0,"comment_status":"closed","ping_status":"closed","template":"page-layout1.php","meta":{"_price":"","_stock":"","_tribe_ticket_header":"","_tribe_default_ticket_provider":"","_ticket_start_date":"","_ticket_end_date":"","_tribe_ticket_show_description":"","_tribe_ticket_show_not_going":false,"_tribe_ticket_use_global_stock":"","_tribe_ticket_global_stock_level":"","_global_stock_mode":"","_global_stock_cap":"","_tribe_rsvp_for_event":"","_tribe_ticket_going_count":"","_tribe_ticket_not_going_count":"","_tribe_tickets_list":"[]","_tribe_ticket_has_attendee_info_fields":false,"footnotes":""},"class_list":["post-275","page","type-page","status-publish","hentry"],"yoast_head":"<!-- This site is optimized with the Yoast SEO plugin v26.7 - https:\/\/yoast.com\/wordpress\/plugins\/seo\/ -->\n<title>Publications - Stadtarchiv<\/title>\n<meta name=\"robots\" content=\"index, follow, max-snippet:-1, max-image-preview:large, max-video-preview:-1\" \/>\n<link rel=\"canonical\" href=\"https:\/\/stadtarchiv-radolfzell.de\/fr\/publications\/\" \/>\n<meta property=\"og:locale\" content=\"fr_FR\" \/>\n<meta property=\"og:type\" content=\"article\" \/>\n<meta property=\"og:title\" content=\"Publications - Stadtarchiv\" \/>\n<meta property=\"og:description\" content=\"Les derni\u00e8res publications de l&rsquo;histoire de la ville ou des archives de la ville sont \u00e9galement disponibles au mus\u00e9e municipal [&hellip;]\" \/>\n<meta property=\"og:url\" content=\"https:\/\/stadtarchiv-radolfzell.de\/fr\/publications\/\" \/>\n<meta property=\"og:site_name\" content=\"Stadtarchiv\" \/>\n<meta property=\"article:modified_time\" content=\"2024-02-09T16:03:44+00:00\" \/>\n<meta property=\"og:image\" content=\"https:\/\/stadtmuseum-radolfzell.de\/wp-content\/uploads\/sites\/2\/2019\/10\/9783797707239-300x300.jpg\" \/>\n<meta name=\"twitter:card\" content=\"summary_large_image\" \/>\n<meta name=\"twitter:label1\" content=\"Dur\u00e9e de lecture estim\u00e9e\" \/>\n\t<meta name=\"twitter:data1\" content=\"1 minute\" \/>\n<script type=\"application\/ld+json\" class=\"yoast-schema-graph\">{\"@context\":\"https:\/\/schema.org\",\"@graph\":[{\"@type\":\"WebPage\",\"@id\":\"https:\/\/stadtarchiv-radolfzell.de\/fr\/publications\/\",\"url\":\"https:\/\/stadtarchiv-radolfzell.de\/fr\/publications\/\",\"name\":\"Publications - Stadtarchiv\",\"isPartOf\":{\"@id\":\"https:\/\/stadtarchiv-radolfzell.de\/fr\/#website\"},\"primaryImageOfPage\":{\"@id\":\"https:\/\/stadtarchiv-radolfzell.de\/fr\/publications\/#primaryimage\"},\"image\":{\"@id\":\"https:\/\/stadtarchiv-radolfzell.de\/fr\/publications\/#primaryimage\"},\"thumbnailUrl\":\"https:\/\/stadtmuseum-radolfzell.de\/wp-content\/uploads\/sites\/2\/2019\/10\/9783797707239-300x300.jpg\",\"datePublished\":\"2023-10-25T14:45:01+00:00\",\"dateModified\":\"2024-02-09T16:03:44+00:00\",\"breadcrumb\":{\"@id\":\"https:\/\/stadtarchiv-radolfzell.de\/fr\/publications\/#breadcrumb\"},\"inLanguage\":\"fr-FR\",\"potentialAction\":[{\"@type\":\"ReadAction\",\"target\":[\"https:\/\/stadtarchiv-radolfzell.de\/fr\/publications\/\"]}]},{\"@type\":\"ImageObject\",\"inLanguage\":\"fr-FR\",\"@id\":\"https:\/\/stadtarchiv-radolfzell.de\/fr\/publications\/#primaryimage\",\"url\":\"https:\/\/stadtmuseum-radolfzell.de\/wp-content\/uploads\/sites\/2\/2019\/10\/9783797707239-300x300.jpg\",\"contentUrl\":\"https:\/\/stadtmuseum-radolfzell.de\/wp-content\/uploads\/sites\/2\/2019\/10\/9783797707239-300x300.jpg\"},{\"@type\":\"BreadcrumbList\",\"@id\":\"https:\/\/stadtarchiv-radolfzell.de\/fr\/publications\/#breadcrumb\",\"itemListElement\":[{\"@type\":\"ListItem\",\"position\":1,\"name\":\"Startseite\",\"item\":\"https:\/\/stadtarchiv-radolfzell.de\/fr\/\"},{\"@type\":\"ListItem\",\"position\":2,\"name\":\"Publications\"}]},{\"@type\":\"WebSite\",\"@id\":\"https:\/\/stadtarchiv-radolfzell.de\/fr\/#website\",\"url\":\"https:\/\/stadtarchiv-radolfzell.de\/fr\/\",\"name\":\"Stadtarchiv\",\"description\":\"Kultur Radolfzell Website\",\"potentialAction\":[{\"@type\":\"SearchAction\",\"target\":{\"@type\":\"EntryPoint\",\"urlTemplate\":\"https:\/\/stadtarchiv-radolfzell.de\/fr\/?s={search_term_string}\"},\"query-input\":{\"@type\":\"PropertyValueSpecification\",\"valueRequired\":true,\"valueName\":\"search_term_string\"}}],\"inLanguage\":\"fr-FR\"}]}<\/script>\n<!-- \/ Yoast SEO plugin. -->","yoast_head_json":{"title":"Publications - Stadtarchiv","robots":{"index":"index","follow":"follow","max-snippet":"max-snippet:-1","max-image-preview":"max-image-preview:large","max-video-preview":"max-video-preview:-1"},"canonical":"https:\/\/stadtarchiv-radolfzell.de\/fr\/publications\/","og_locale":"fr_FR","og_type":"article","og_title":"Publications - Stadtarchiv","og_description":"Les derni\u00e8res publications de l&rsquo;histoire de la ville ou des archives de la ville sont \u00e9galement disponibles au mus\u00e9e municipal [&hellip;]","og_url":"https:\/\/stadtarchiv-radolfzell.de\/fr\/publications\/","og_site_name":"Stadtarchiv","article_modified_time":"2024-02-09T16:03:44+00:00","og_image":[{"url":"https:\/\/stadtmuseum-radolfzell.de\/wp-content\/uploads\/sites\/2\/2019\/10\/9783797707239-300x300.jpg","type":"","width":"","height":""}],"twitter_card":"summary_large_image","twitter_misc":{"Dur\u00e9e de lecture estim\u00e9e":"1 minute"},"schema":{"@context":"https:\/\/schema.org","@graph":[{"@type":"WebPage","@id":"https:\/\/stadtarchiv-radolfzell.de\/fr\/publications\/","url":"https:\/\/stadtarchiv-radolfzell.de\/fr\/publications\/","name":"Publications - Stadtarchiv","isPartOf":{"@id":"https:\/\/stadtarchiv-radolfzell.de\/fr\/#website"},"primaryImageOfPage":{"@id":"https:\/\/stadtarchiv-radolfzell.de\/fr\/publications\/#primaryimage"},"image":{"@id":"https:\/\/stadtarchiv-radolfzell.de\/fr\/publications\/#primaryimage"},"thumbnailUrl":"https:\/\/stadtmuseum-radolfzell.de\/wp-content\/uploads\/sites\/2\/2019\/10\/9783797707239-300x300.jpg","datePublished":"2023-10-25T14:45:01+00:00","dateModified":"2024-02-09T16:03:44+00:00","breadcrumb":{"@id":"https:\/\/stadtarchiv-radolfzell.de\/fr\/publications\/#breadcrumb"},"inLanguage":"fr-FR","potentialAction":[{"@type":"ReadAction","target":["https:\/\/stadtarchiv-radolfzell.de\/fr\/publications\/"]}]},{"@type":"ImageObject","inLanguage":"fr-FR","@id":"https:\/\/stadtarchiv-radolfzell.de\/fr\/publications\/#primaryimage","url":"https:\/\/stadtmuseum-radolfzell.de\/wp-content\/uploads\/sites\/2\/2019\/10\/9783797707239-300x300.jpg","contentUrl":"https:\/\/stadtmuseum-radolfzell.de\/wp-content\/uploads\/sites\/2\/2019\/10\/9783797707239-300x300.jpg"},{"@type":"BreadcrumbList","@id":"https:\/\/stadtarchiv-radolfzell.de\/fr\/publications\/#breadcrumb","itemListElement":[{"@type":"ListItem","position":1,"name":"Startseite","item":"https:\/\/stadtarchiv-radolfzell.de\/fr\/"},{"@type":"ListItem","position":2,"name":"Publications"}]},{"@type":"WebSite","@id":"https:\/\/stadtarchiv-radolfzell.de\/fr\/#website","url":"https:\/\/stadtarchiv-radolfzell.de\/fr\/","name":"Stadtarchiv","description":"Kultur Radolfzell Website","potentialAction":[{"@type":"SearchAction","target":{"@type":"EntryPoint","urlTemplate":"https:\/\/stadtarchiv-radolfzell.de\/fr\/?s={search_term_string}"},"query-input":{"@type":"PropertyValueSpecification","valueRequired":true,"valueName":"search_term_string"}}],"inLanguage":"fr-FR"}]}},"_links":{"self":[{"href":"https:\/\/stadtarchiv-radolfzell.de\/fr\/wp-json\/wp\/v2\/pages\/275","targetHints":{"allow":["GET"]}}],"collection":[{"href":"https:\/\/stadtarchiv-radolfzell.de\/fr\/wp-json\/wp\/v2\/pages"}],"about":[{"href":"https:\/\/stadtarchiv-radolfzell.de\/fr\/wp-json\/wp\/v2\/types\/page"}],"author":[{"embeddable":true,"href":"https:\/\/stadtarchiv-radolfzell.de\/fr\/wp-json\/wp\/v2\/users\/1"}],"replies":[{"embeddable":true,"href":"https:\/\/stadtarchiv-radolfzell.de\/fr\/wp-json\/wp\/v2\/comments?post=275"}],"version-history":[{"count":1,"href":"https:\/\/stadtarchiv-radolfzell.de\/fr\/wp-json\/wp\/v2\/pages\/275\/revisions"}],"predecessor-version":[{"id":277,"href":"https:\/\/stadtarchiv-radolfzell.de\/fr\/wp-json\/wp\/v2\/pages\/275\/revisions\/277"}],"wp:attachment":[{"href":"https:\/\/stadtarchiv-radolfzell.de\/fr\/wp-json\/wp\/v2\/media?parent=275"}],"curies":[{"name":"wp","href":"https:\/\/api.w.org\/{rel}","templated":true}]}}