{"id":260,"date":"2023-10-20T10:11:17","date_gmt":"2023-10-20T08:11:17","guid":{"rendered":"https:\/\/stadtarchiv-radolfzell.de\/page-daccueil\/"},"modified":"2025-03-14T10:25:14","modified_gmt":"2025-03-14T09:25:14","slug":"page-daccueil","status":"publish","type":"page","link":"https:\/\/stadtarchiv-radolfzell.de\/fr\/","title":{"rendered":"Page d&rsquo;accueil"},"content":{"rendered":"<p>\u00ab\u00a0Une archive n&rsquo;est pas une collection de raret\u00e9s ni un mus\u00e9e historique, mais une partie organique de la gestion des documents par les autorit\u00e9s\u00a0\u00bb Erich Kittel<\/p>\n<p>&nbsp;<\/p>\n<style type=\"text\/css\">\n\t\t\t#gallery-1 {\n\t\t\t\tmargin: auto;\n\t\t\t}\n\t\t\t#gallery-1 .gallery-item {\n\t\t\t\tfloat: left;\n\t\t\t\tmargin-top: 10px;\n\t\t\t\ttext-align: center;\n\t\t\t\twidth: 25%;\n\t\t\t}\n\t\t\t#gallery-1 img {\n\t\t\t\tborder: 2px solid #cfcfcf;\n\t\t\t}\n\t\t\t#gallery-1 .gallery-caption {\n\t\t\t\tmargin-left: 0;\n\t\t\t}\n\t\t\t\/* see gallery_shortcode() in wp-includes\/media.php *\/\n\t\t<\/style>\n<div id='gallery-1' class='gallery galleryid-260 gallery-columns-4 gallery-size-thumbnail'>\n<dl class='gallery-item'>\n<dt class='gallery-icon landscape'>\n\t\t\t\t<a href='https:\/\/stadtarchiv-radolfzell.de\/wp-content\/uploads\/sites\/12\/2023\/11\/20231129_084239.jpg' rel=\"lightbox[gallery-0]\"><img loading=\"lazy\" decoding=\"async\" width=\"150\" height=\"150\" src=\"https:\/\/stadtarchiv-radolfzell.de\/wp-content\/uploads\/sites\/12\/2023\/11\/20231129_084239-150x150.jpg\" class=\"attachment-thumbnail size-thumbnail\" alt=\"\" srcset=\"https:\/\/stadtarchiv-radolfzell.de\/wp-content\/uploads\/sites\/12\/2023\/11\/20231129_084239-150x150.jpg 150w, https:\/\/stadtarchiv-radolfzell.de\/wp-content\/uploads\/sites\/12\/2023\/11\/20231129_084239-400x400.jpg 400w\" sizes=\"auto, (max-width: 150px) 100vw, 150px\" \/><\/a>\n\t\t\t<\/dt>\n<\/dl>\n<dl class='gallery-item'>\n<dt class='gallery-icon landscape'>\n\t\t\t\t<a href='https:\/\/stadtarchiv-radolfzell.de\/wp-content\/uploads\/sites\/12\/2023\/11\/20231129_090500.jpg' rel=\"lightbox[gallery-0]\"><img loading=\"lazy\" decoding=\"async\" width=\"150\" height=\"150\" src=\"https:\/\/stadtarchiv-radolfzell.de\/wp-content\/uploads\/sites\/12\/2023\/11\/20231129_090500-150x150.jpg\" class=\"attachment-thumbnail size-thumbnail\" alt=\"\" srcset=\"https:\/\/stadtarchiv-radolfzell.de\/wp-content\/uploads\/sites\/12\/2023\/11\/20231129_090500-150x150.jpg 150w, https:\/\/stadtarchiv-radolfzell.de\/wp-content\/uploads\/sites\/12\/2023\/11\/20231129_090500-400x400.jpg 400w\" sizes=\"auto, (max-width: 150px) 100vw, 150px\" \/><\/a>\n\t\t\t<\/dt>\n<\/dl>\n<dl class='gallery-item'>\n<dt class='gallery-icon landscape'>\n\t\t\t\t<a href='https:\/\/stadtarchiv-radolfzell.de\/wp-content\/uploads\/sites\/12\/2023\/11\/20231129_091457.jpg' rel=\"lightbox[gallery-0]\"><img loading=\"lazy\" decoding=\"async\" width=\"150\" height=\"150\" src=\"https:\/\/stadtarchiv-radolfzell.de\/wp-content\/uploads\/sites\/12\/2023\/11\/20231129_091457-150x150.jpg\" class=\"attachment-thumbnail size-thumbnail\" alt=\"\" srcset=\"https:\/\/stadtarchiv-radolfzell.de\/wp-content\/uploads\/sites\/12\/2023\/11\/20231129_091457-150x150.jpg 150w, https:\/\/stadtarchiv-radolfzell.de\/wp-content\/uploads\/sites\/12\/2023\/11\/20231129_091457-400x400.jpg 400w\" sizes=\"auto, (max-width: 150px) 100vw, 150px\" \/><\/a>\n\t\t\t<\/dt>\n<\/dl>\n<dl class='gallery-item'>\n<dt class='gallery-icon landscape'>\n\t\t\t\t<a href='https:\/\/stadtarchiv-radolfzell.de\/wp-content\/uploads\/sites\/12\/2023\/11\/20231129_083524.jpg' rel=\"lightbox[gallery-0]\"><img loading=\"lazy\" decoding=\"async\" width=\"150\" height=\"150\" src=\"https:\/\/stadtarchiv-radolfzell.de\/wp-content\/uploads\/sites\/12\/2023\/11\/20231129_083524-150x150.jpg\" class=\"attachment-thumbnail size-thumbnail\" alt=\"\" srcset=\"https:\/\/stadtarchiv-radolfzell.de\/wp-content\/uploads\/sites\/12\/2023\/11\/20231129_083524-150x150.jpg 150w, https:\/\/stadtarchiv-radolfzell.de\/wp-content\/uploads\/sites\/12\/2023\/11\/20231129_083524-400x400.jpg 400w\" sizes=\"auto, (max-width: 150px) 100vw, 150px\" \/><\/a>\n\t\t\t<\/dt>\n<\/dl>\n<p><br style=\"clear: both\" \/>\n\t\t<\/div>\n<p>Les archives municipales de Radolfzell sont la m\u00e9moire de la ville : elles conservent la tradition \u00e9crite et document\u00e9e de l&rsquo;histoire de la ville de Radolfzell du 15\u00e8me si\u00e8cle \u00e0 nos jours. En outre, les archives encouragent la recherche et la connaissance de l&rsquo;histoire locale et r\u00e9gionale.<\/p>\n<p>Les archives municipales permettent d&rsquo;utiliser ce mat\u00e9riel en le classant et en le r\u00e9pertoriant de mani\u00e8re appropri\u00e9e. Au final, ces documents sont rendus accessibles aux utilisateurs par le biais d&rsquo;instruments de recherche.<\/p>\n<p>La mission principale des Archives municipales est l&rsquo;\u00e9valuation, la prise en charge, la description, la conservation et la mise \u00e0 disposition des fonds d&rsquo;archives. La conservation permanente sert la s\u00e9curit\u00e9 juridique et rend l&rsquo;action administrative transparente et compr\u00e9hensible.<\/p>\n<style type=\"text\/css\">\n\t\t\t#gallery-2 {\n\t\t\t\tmargin: auto;\n\t\t\t}\n\t\t\t#gallery-2 .gallery-item {\n\t\t\t\tfloat: left;\n\t\t\t\tmargin-top: 10px;\n\t\t\t\ttext-align: center;\n\t\t\t\twidth: 25%;\n\t\t\t}\n\t\t\t#gallery-2 img {\n\t\t\t\tborder: 2px solid #cfcfcf;\n\t\t\t}\n\t\t\t#gallery-2 .gallery-caption {\n\t\t\t\tmargin-left: 0;\n\t\t\t}\n\t\t\t\/* see gallery_shortcode() in wp-includes\/media.php *\/\n\t\t<\/style>\n<div id='gallery-2' class='gallery galleryid-260 gallery-columns-4 gallery-size-thumbnail'>\n<dl class='gallery-item'>\n<dt class='gallery-icon landscape'>\n\t\t\t\t<a href='https:\/\/stadtarchiv-radolfzell.de\/wp-content\/uploads\/sites\/12\/2023\/11\/20231129_091108.jpg' rel=\"lightbox[gallery-0]\"><img loading=\"lazy\" decoding=\"async\" width=\"150\" height=\"150\" src=\"https:\/\/stadtarchiv-radolfzell.de\/wp-content\/uploads\/sites\/12\/2023\/11\/20231129_091108-150x150.jpg\" class=\"attachment-thumbnail size-thumbnail\" alt=\"\" srcset=\"https:\/\/stadtarchiv-radolfzell.de\/wp-content\/uploads\/sites\/12\/2023\/11\/20231129_091108-150x150.jpg 150w, https:\/\/stadtarchiv-radolfzell.de\/wp-content\/uploads\/sites\/12\/2023\/11\/20231129_091108-400x400.jpg 400w\" sizes=\"auto, (max-width: 150px) 100vw, 150px\" \/><\/a>\n\t\t\t<\/dt>\n<\/dl>\n<dl class='gallery-item'>\n<dt class='gallery-icon landscape'>\n\t\t\t\t<a href='https:\/\/stadtarchiv-radolfzell.de\/wp-content\/uploads\/sites\/12\/2023\/11\/20231129_085515.jpg' rel=\"lightbox[gallery-0]\"><img loading=\"lazy\" decoding=\"async\" width=\"150\" height=\"150\" src=\"https:\/\/stadtarchiv-radolfzell.de\/wp-content\/uploads\/sites\/12\/2023\/11\/20231129_085515-150x150.jpg\" class=\"attachment-thumbnail size-thumbnail\" alt=\"\" srcset=\"https:\/\/stadtarchiv-radolfzell.de\/wp-content\/uploads\/sites\/12\/2023\/11\/20231129_085515-150x150.jpg 150w, https:\/\/stadtarchiv-radolfzell.de\/wp-content\/uploads\/sites\/12\/2023\/11\/20231129_085515-400x400.jpg 400w\" sizes=\"auto, (max-width: 150px) 100vw, 150px\" \/><\/a>\n\t\t\t<\/dt>\n<\/dl>\n<dl class='gallery-item'>\n<dt class='gallery-icon landscape'>\n\t\t\t\t<a href='https:\/\/stadtarchiv-radolfzell.de\/wp-content\/uploads\/sites\/12\/2023\/11\/20231129_083812-1.jpg' rel=\"lightbox[gallery-0]\"><img loading=\"lazy\" decoding=\"async\" width=\"150\" height=\"150\" src=\"https:\/\/stadtarchiv-radolfzell.de\/wp-content\/uploads\/sites\/12\/2023\/11\/20231129_083812-1-150x150.jpg\" class=\"attachment-thumbnail size-thumbnail\" alt=\"\" srcset=\"https:\/\/stadtarchiv-radolfzell.de\/wp-content\/uploads\/sites\/12\/2023\/11\/20231129_083812-1-150x150.jpg 150w, https:\/\/stadtarchiv-radolfzell.de\/wp-content\/uploads\/sites\/12\/2023\/11\/20231129_083812-1-400x400.jpg 400w\" sizes=\"auto, (max-width: 150px) 100vw, 150px\" \/><\/a>\n\t\t\t<\/dt>\n<\/dl>\n<dl class='gallery-item'>\n<dt class='gallery-icon landscape'>\n\t\t\t\t<a href='https:\/\/stadtarchiv-radolfzell.de\/wp-content\/uploads\/sites\/12\/2023\/11\/20231129_084619.jpg' rel=\"lightbox[gallery-0]\"><img loading=\"lazy\" decoding=\"async\" width=\"150\" height=\"150\" src=\"https:\/\/stadtarchiv-radolfzell.de\/wp-content\/uploads\/sites\/12\/2023\/11\/20231129_084619-150x150.jpg\" class=\"attachment-thumbnail size-thumbnail\" alt=\"\" srcset=\"https:\/\/stadtarchiv-radolfzell.de\/wp-content\/uploads\/sites\/12\/2023\/11\/20231129_084619-150x150.jpg 150w, https:\/\/stadtarchiv-radolfzell.de\/wp-content\/uploads\/sites\/12\/2023\/11\/20231129_084619-400x400.jpg 400w\" sizes=\"auto, (max-width: 150px) 100vw, 150px\" \/><\/a>\n\t\t\t<\/dt>\n<\/dl>\n<p><br style=\"clear: both\" \/>\n\t\t<\/div>\n<p>Outre les documents officiels conserv\u00e9s en magasin, les Archives municipales rassemblent des documents compl\u00e9mentaires de personnes et d&rsquo;institutions qui marquent la vie publique de la ville. Des legs, des photos et des graphiques compl\u00e8tent les collections.<\/p>\n<p>La comp\u00e9tence des archives couvre la ville de Radolfzell. A partir de 1974, les quartiers de B\u00f6hringen, Stahringen, G\u00fcttingen, Liggeringen, M\u00f6ggingen et Markelfingen font \u00e9galement partie de la ville de Radolfzell. Les archives de ces quartiers ont \u00e9t\u00e9 enregistr\u00e9es par les archives municipales.<\/p>\n<p>Les archives municipales de Radolfzell sont un des membres fondateurs du premier r\u00e9seau d&rsquo;urgence \u00e0 l&rsquo;\u00e9chelle du district du Bade-Wurtemberg, auquel participent \u00e9galement les archives du district de Constance, les archives municipales de Constance, Singen et Stockach, ainsi que les archives universitaires de Constance. Dans leur convention, les archivistes s&rsquo;engagent \u00e0 s&rsquo;apporter mutuellement une aide imm\u00e9diate en mati\u00e8re de personnel si un malheur devait toucher les archives concern\u00e9es.  <a href=\"https:\/\/stadtmuseum-radolfzell.de\/wp-content\/uploads\/sites\/2\/2020\/03\/PM038-20-03-05-Kreisarchiv-Stadtarchive-und-Universit%C3%A4tsarchiv-gr%C3%BCnden-Notfallverbund-Landkreis-Konstanz.pdf\" target=\"_blank\" rel=\"noopener\">En savoir plus sur le r\u00e9seau d&rsquo;urgence&#8230;<\/a><\/p>\n<p>Les collaborateurs des archives municipales participent \u00e9galement au <a href=\"https:\/\/www.radolfzell.de\/erinnerung-und-gedenken-in-radolfzell\" target=\"_blank\" rel=\"noopener\">groupe de travail sur la culture de la m\u00e9moire<\/a> \u00e0 Radolfzell.<\/p>\n","protected":false},"excerpt":{"rendered":"<p>\u00ab\u00a0Une archive n&rsquo;est pas une collection de raret\u00e9s ni un mus\u00e9e historique, mais une partie organique de la gestion des [&hellip;]<\/p>\n","protected":false},"author":2,"featured_media":0,"parent":0,"menu_order":0,"comment_status":"closed","ping_status":"open","template":"page-layout1.php","meta":{"_price":"","_stock":"","_tribe_ticket_header":"","_tribe_default_ticket_provider":"","_ticket_start_date":"","_ticket_end_date":"","_tribe_ticket_show_description":"","_tribe_ticket_show_not_going":false,"_tribe_ticket_use_global_stock":"","_tribe_ticket_global_stock_level":"","_global_stock_mode":"","_global_stock_cap":"","_tribe_rsvp_for_event":"","_tribe_ticket_going_count":"","_tribe_ticket_not_going_count":"","_tribe_tickets_list":"[]","_tribe_ticket_has_attendee_info_fields":false,"footnotes":""},"class_list":["post-260","page","type-page","status-publish","hentry"],"yoast_head":"<!-- This site is optimized with the Yoast SEO plugin v26.7 - https:\/\/yoast.com\/wordpress\/plugins\/seo\/ -->\n<title>Page d&#039;accueil - Stadtarchiv<\/title>\n<meta name=\"robots\" content=\"index, follow, max-snippet:-1, max-image-preview:large, max-video-preview:-1\" \/>\n<link rel=\"canonical\" href=\"https:\/\/stadtarchiv-radolfzell.de\/fr\/\" \/>\n<meta property=\"og:locale\" content=\"fr_FR\" \/>\n<meta property=\"og:type\" content=\"article\" \/>\n<meta property=\"og:title\" content=\"Page d&#039;accueil - Stadtarchiv\" \/>\n<meta property=\"og:description\" content=\"\u00ab\u00a0Une archive n&rsquo;est pas une collection de raret\u00e9s ni un mus\u00e9e historique, mais une partie organique de la gestion des [&hellip;]\" \/>\n<meta property=\"og:url\" content=\"https:\/\/stadtarchiv-radolfzell.de\/fr\/\" \/>\n<meta property=\"og:site_name\" content=\"Stadtarchiv\" \/>\n<meta property=\"article:modified_time\" content=\"2025-03-14T09:25:14+00:00\" \/>\n<meta property=\"og:image\" content=\"https:\/\/stadtarchiv-radolfzell.de\/wp-content\/uploads\/sites\/12\/2023\/11\/20231129_084239-150x150.jpg\" \/>\n<meta name=\"twitter:card\" content=\"summary_large_image\" \/>\n<meta name=\"twitter:label1\" content=\"Dur\u00e9e de lecture estim\u00e9e\" \/>\n\t<meta name=\"twitter:data1\" content=\"2 minutes\" \/>\n<script type=\"application\/ld+json\" class=\"yoast-schema-graph\">{\"@context\":\"https:\/\/schema.org\",\"@graph\":[{\"@type\":\"WebPage\",\"@id\":\"https:\/\/stadtarchiv-radolfzell.de\/fr\/\",\"url\":\"https:\/\/stadtarchiv-radolfzell.de\/fr\/\",\"name\":\"Page d'accueil - Stadtarchiv\",\"isPartOf\":{\"@id\":\"https:\/\/stadtarchiv-radolfzell.de\/fr\/#website\"},\"datePublished\":\"2023-10-20T08:11:17+00:00\",\"dateModified\":\"2025-03-14T09:25:14+00:00\",\"breadcrumb\":{\"@id\":\"https:\/\/stadtarchiv-radolfzell.de\/fr\/#breadcrumb\"},\"inLanguage\":\"fr-FR\",\"potentialAction\":[{\"@type\":\"ReadAction\",\"target\":[\"https:\/\/stadtarchiv-radolfzell.de\/fr\/\"]}]},{\"@type\":\"BreadcrumbList\",\"@id\":\"https:\/\/stadtarchiv-radolfzell.de\/fr\/#breadcrumb\",\"itemListElement\":[{\"@type\":\"ListItem\",\"position\":1,\"name\":\"Startseite\",\"item\":\"https:\/\/stadtarchiv-radolfzell.de\/fr\/\"},{\"@type\":\"ListItem\",\"position\":2,\"name\":\"Page d&#8217;accueil\"}]},{\"@type\":\"WebSite\",\"@id\":\"https:\/\/stadtarchiv-radolfzell.de\/fr\/#website\",\"url\":\"https:\/\/stadtarchiv-radolfzell.de\/fr\/\",\"name\":\"Stadtarchiv\",\"description\":\"Kultur Radolfzell Website\",\"potentialAction\":[{\"@type\":\"SearchAction\",\"target\":{\"@type\":\"EntryPoint\",\"urlTemplate\":\"https:\/\/stadtarchiv-radolfzell.de\/fr\/?s={search_term_string}\"},\"query-input\":{\"@type\":\"PropertyValueSpecification\",\"valueRequired\":true,\"valueName\":\"search_term_string\"}}],\"inLanguage\":\"fr-FR\"}]}<\/script>\n<!-- \/ Yoast SEO plugin. -->","yoast_head_json":{"title":"Page d'accueil - Stadtarchiv","robots":{"index":"index","follow":"follow","max-snippet":"max-snippet:-1","max-image-preview":"max-image-preview:large","max-video-preview":"max-video-preview:-1"},"canonical":"https:\/\/stadtarchiv-radolfzell.de\/fr\/","og_locale":"fr_FR","og_type":"article","og_title":"Page d'accueil - Stadtarchiv","og_description":"\u00ab\u00a0Une archive n&rsquo;est pas une collection de raret\u00e9s ni un mus\u00e9e historique, mais une partie organique de la gestion des [&hellip;]","og_url":"https:\/\/stadtarchiv-radolfzell.de\/fr\/","og_site_name":"Stadtarchiv","article_modified_time":"2025-03-14T09:25:14+00:00","og_image":[{"url":"https:\/\/stadtarchiv-radolfzell.de\/wp-content\/uploads\/sites\/12\/2023\/11\/20231129_084239-150x150.jpg","type":"","width":"","height":""}],"twitter_card":"summary_large_image","twitter_misc":{"Dur\u00e9e de lecture estim\u00e9e":"2 minutes"},"schema":{"@context":"https:\/\/schema.org","@graph":[{"@type":"WebPage","@id":"https:\/\/stadtarchiv-radolfzell.de\/fr\/","url":"https:\/\/stadtarchiv-radolfzell.de\/fr\/","name":"Page d'accueil - Stadtarchiv","isPartOf":{"@id":"https:\/\/stadtarchiv-radolfzell.de\/fr\/#website"},"datePublished":"2023-10-20T08:11:17+00:00","dateModified":"2025-03-14T09:25:14+00:00","breadcrumb":{"@id":"https:\/\/stadtarchiv-radolfzell.de\/fr\/#breadcrumb"},"inLanguage":"fr-FR","potentialAction":[{"@type":"ReadAction","target":["https:\/\/stadtarchiv-radolfzell.de\/fr\/"]}]},{"@type":"BreadcrumbList","@id":"https:\/\/stadtarchiv-radolfzell.de\/fr\/#breadcrumb","itemListElement":[{"@type":"ListItem","position":1,"name":"Startseite","item":"https:\/\/stadtarchiv-radolfzell.de\/fr\/"},{"@type":"ListItem","position":2,"name":"Page d&#8217;accueil"}]},{"@type":"WebSite","@id":"https:\/\/stadtarchiv-radolfzell.de\/fr\/#website","url":"https:\/\/stadtarchiv-radolfzell.de\/fr\/","name":"Stadtarchiv","description":"Kultur Radolfzell Website","potentialAction":[{"@type":"SearchAction","target":{"@type":"EntryPoint","urlTemplate":"https:\/\/stadtarchiv-radolfzell.de\/fr\/?s={search_term_string}"},"query-input":{"@type":"PropertyValueSpecification","valueRequired":true,"valueName":"search_term_string"}}],"inLanguage":"fr-FR"}]}},"_links":{"self":[{"href":"https:\/\/stadtarchiv-radolfzell.de\/fr\/wp-json\/wp\/v2\/pages\/260","targetHints":{"allow":["GET"]}}],"collection":[{"href":"https:\/\/stadtarchiv-radolfzell.de\/fr\/wp-json\/wp\/v2\/pages"}],"about":[{"href":"https:\/\/stadtarchiv-radolfzell.de\/fr\/wp-json\/wp\/v2\/types\/page"}],"author":[{"embeddable":true,"href":"https:\/\/stadtarchiv-radolfzell.de\/fr\/wp-json\/wp\/v2\/users\/2"}],"replies":[{"embeddable":true,"href":"https:\/\/stadtarchiv-radolfzell.de\/fr\/wp-json\/wp\/v2\/comments?post=260"}],"version-history":[{"count":1,"href":"https:\/\/stadtarchiv-radolfzell.de\/fr\/wp-json\/wp\/v2\/pages\/260\/revisions"}],"predecessor-version":[{"id":262,"href":"https:\/\/stadtarchiv-radolfzell.de\/fr\/wp-json\/wp\/v2\/pages\/260\/revisions\/262"}],"wp:attachment":[{"href":"https:\/\/stadtarchiv-radolfzell.de\/fr\/wp-json\/wp\/v2\/media?parent=260"}],"curies":[{"name":"wp","href":"https:\/\/api.w.org\/{rel}","templated":true}]}}